{"id":1176,"date":"2021-03-18T08:24:07","date_gmt":"2021-03-18T08:24:07","guid":{"rendered":"https:\/\/plasticsvietnam.com\/thong-cao-bao-chi\/"},"modified":"2024-01-18T09:58:45","modified_gmt":"2024-01-18T09:58:45","slug":"thong-cao-bao-chi","status":"publish","type":"page","link":"https:\/\/plasticsvietnam.com\/en\/thong-cao-bao-chi\/","title":{"rendered":"Th\u00f4ng c\u00e1o b\u00e1o ch\u00ed"},"content":{"rendered":"","protected":false},"excerpt":{"rendered":"","protected":false},"author":1,"featured_media":0,"parent":0,"menu_order":0,"comment_status":"closed","ping_status":"closed","template":"templates\/press-release.php","meta":[],"yoast_head":"<!-- This site is optimized with the Yoast SEO plugin v15.9 - https:\/\/yoast.com\/wordpress\/plugins\/seo\/ -->\n<title>Th\u00f4ng c\u00e1o b\u00e1o ch\u00ed - Plastics &amp; Rubber Vietnam<\/title>\n<meta name=\"description\" content=\"Plastics &amp; Rubber Vietnam 2024 is a playground where innovative ideas are ignited and close relationships are built...\" \/>\n<meta name=\"robots\" content=\"index, follow, max-snippet:-1, max-image-preview:large, max-video-preview:-1\" \/>\n<link rel=\"canonical\" href=\"https:\/\/plasticsvietnam.com\/en\/thong-cao-bao-chi\/\" \/>\n<meta property=\"og:locale\" content=\"en_US\" \/>\n<meta property=\"og:type\" content=\"article\" \/>\n<meta property=\"og:title\" content=\"Th\u00f4ng c\u00e1o b\u00e1o ch\u00ed - Plastics &amp; Rubber Vietnam\" \/>\n<meta property=\"og:description\" content=\"Plastics &amp; Rubber Vietnam 2024 is a playground where innovative ideas are ignited and close relationships are built...\" \/>\n<meta property=\"og:url\" content=\"https:\/\/plasticsvietnam.com\/en\/thong-cao-bao-chi\/\" \/>\n<meta property=\"og:site_name\" content=\"Plastics &amp; Rubber Vietnam\" \/>\n<meta property=\"article:modified_time\" content=\"2024-01-18T09:58:45+00:00\" \/>\n<meta name=\"twitter:card\" content=\"summary_large_image\" \/>\n<script type=\"application\/ld+json\" class=\"yoast-schema-graph\">{\"@context\":\"https:\/\/schema.org\",\"@graph\":[{\"@type\":\"WebSite\",\"@id\":\"https:\/\/plasticsvietnam.com\/#website\",\"url\":\"https:\/\/plasticsvietnam.com\/\",\"name\":\"Plastics &amp; Rubber Vietnam\",\"description\":\"\",\"potentialAction\":[{\"@type\":\"SearchAction\",\"target\":\"https:\/\/plasticsvietnam.com\/?s={search_term_string}\",\"query-input\":\"required name=search_term_string\"}],\"inLanguage\":\"en\"},{\"@type\":\"WebPage\",\"@id\":\"https:\/\/plasticsvietnam.com\/en\/thong-cao-bao-chi\/#webpage\",\"url\":\"https:\/\/plasticsvietnam.com\/en\/thong-cao-bao-chi\/\",\"name\":\"Th\\u00f4ng c\\u00e1o b\\u00e1o ch\\u00ed - Plastics &amp; Rubber Vietnam\",\"isPartOf\":{\"@id\":\"https:\/\/plasticsvietnam.com\/#website\"},\"datePublished\":\"2021-03-18T08:24:07+00:00\",\"dateModified\":\"2024-01-18T09:58:45+00:00\",\"description\":\"Plastics & Rubber Vietnam 2024 is a playground where innovative ideas are ignited and close relationships are built...\",\"breadcrumb\":{\"@id\":\"https:\/\/plasticsvietnam.com\/en\/thong-cao-bao-chi\/#breadcrumb\"},\"inLanguage\":\"en\",\"potentialAction\":[{\"@type\":\"ReadAction\",\"target\":[\"https:\/\/plasticsvietnam.com\/en\/thong-cao-bao-chi\/\"]}]},{\"@type\":\"BreadcrumbList\",\"@id\":\"https:\/\/plasticsvietnam.com\/en\/thong-cao-bao-chi\/#breadcrumb\",\"itemListElement\":[{\"@type\":\"ListItem\",\"position\":1,\"item\":{\"@type\":\"WebPage\",\"@id\":\"https:\/\/plasticsvietnam.com\/en\/\",\"url\":\"https:\/\/plasticsvietnam.com\/en\/\",\"name\":\"Trang ch\\u1ee7\"}},{\"@type\":\"ListItem\",\"position\":2,\"item\":{\"@type\":\"WebPage\",\"@id\":\"https:\/\/plasticsvietnam.com\/en\/thong-cao-bao-chi\/\",\"url\":\"https:\/\/plasticsvietnam.com\/en\/thong-cao-bao-chi\/\",\"name\":\"Th\\u00f4ng c\\u00e1o b\\u00e1o ch\\u00ed\"}}]}]}<\/script>\n<!-- \/ Yoast SEO plugin. -->","_links":{"self":[{"href":"https:\/\/plasticsvietnam.com\/en\/wp-json\/wp\/v2\/pages\/1176"}],"collection":[{"href":"https:\/\/plasticsvietnam.com\/en\/wp-json\/wp\/v2\/pages"}],"about":[{"href":"https:\/\/plasticsvietnam.com\/en\/wp-json\/wp\/v2\/types\/page"}],"author":[{"embeddable":true,"href":"https:\/\/plasticsvietnam.com\/en\/wp-json\/wp\/v2\/users\/1"}],"replies":[{"embeddable":true,"href":"https:\/\/plasticsvietnam.com\/en\/wp-json\/wp\/v2\/comments?post=1176"}],"version-history":[{"count":1,"href":"https:\/\/plasticsvietnam.com\/en\/wp-json\/wp\/v2\/pages\/1176\/revisions"}],"predecessor-version":[{"id":8168,"href":"https:\/\/plasticsvietnam.com\/en\/wp-json\/wp\/v2\/pages\/1176\/revisions\/8168"}],"wp:attachment":[{"href":"https:\/\/plasticsvietnam.com\/en\/wp-json\/wp\/v2\/media?parent=1176"}],"curies":[{"name":"wp","href":"https:\/\/api.w.org\/{rel}","templated":true}]}}